{"id":74,"date":"2015-03-03T02:10:34","date_gmt":"2015-03-03T02:10:34","guid":{"rendered":"http:\/\/wp\/enfold-shop\/?page_id=74"},"modified":"2021-03-16T23:01:07","modified_gmt":"2021-03-16T20:01:07","slug":"urunler","status":"publish","type":"page","link":"https:\/\/www.balottaglobal.com.tr\/en\/urunler\/","title":{"rendered":"PRODUCTS"},"content":{"rendered":"<style type=\"text\/css\" data-created_by=\"avia_inline_auto\" id=\"style-css-av-av_heading-47c933fb50c0d12061b11fe9be2d970b\">\n#top .av-special-heading.av-av_heading-47c933fb50c0d12061b11fe9be2d970b{\npadding-bottom:10px;\nfont-size:28px;\n}\nbody .av-special-heading.av-av_heading-47c933fb50c0d12061b11fe9be2d970b .av-special-heading-tag .heading-char{\nfont-size:25px;\n}\n#top #wrap_all .av-special-heading.av-av_heading-47c933fb50c0d12061b11fe9be2d970b .av-special-heading-tag{\nfont-size:28px;\n}\n.av-special-heading.av-av_heading-47c933fb50c0d12061b11fe9be2d970b .av-subheading{\nfont-size:15px;\n}\n\n@media only screen and (min-width: 480px) and (max-width: 767px){ \n#top #wrap_all .av-special-heading.av-av_heading-47c933fb50c0d12061b11fe9be2d970b .av-special-heading-tag{\nfont-size:0.8em;\n}\n}\n\n@media only screen and (max-width: 479px){ \n#top #wrap_all .av-special-heading.av-av_heading-47c933fb50c0d12061b11fe9be2d970b .av-special-heading-tag{\nfont-size:0.8em;\n}\n}\n<\/style>\n<div  class='av-special-heading av-av_heading-47c933fb50c0d12061b11fe9be2d970b av-special-heading-h3 blockquote modern-quote modern-centered  avia-builder-el-0  el_before_av_layout_row  avia-builder-el-no-sibling  av-inherit-size'><h3 class='av-special-heading-tag'  itemprop=\"headline\"  >PRODUCT CATEGORIES<\/h3><div class=\"special-heading-border\"><div class=\"special-heading-inner-border\"><\/div><\/div><\/div>\n<\/div><\/div><\/div><!-- close content main div --><\/div><\/div><div id='av-layout-grid-1'  class='av-layout-grid-container av-av_layout_row-edf07c93594a85695fda65c20c2393d8 entry-content-wrapper main_color av-flex-cells  avia-builder-el-1  el_after_av_heading  avia-builder-el-last  grid-row-not-first  container_wrap fullsize'  >\n\n<style type=\"text\/css\" data-created_by=\"avia_inline_auto\" id=\"style-css-av-av_cell_one_fourth-f57c70f9f5a63fd800eb5b955b847c2a\">\n.flex_cell.av-av_cell_one_fourth-f57c70f9f5a63fd800eb5b955b847c2a{\nvertical-align:top;\n}\n.responsive #top #wrap_all .flex_cell.av-av_cell_one_fourth-f57c70f9f5a63fd800eb5b955b847c2a{\npadding:30px 30px 30px 30px !important;\n}\n<\/style>\n<div class='flex_cell av-av_cell_one_fourth-f57c70f9f5a63fd800eb5b955b847c2a av-gridrow-cell av_one_fourth no_margin  avia-builder-el-2  el_before_av_cell_one_fourth  avia-builder-el-first  content-align-top'  ><div class='flex_cell_inner'><p>\n<style type=\"text\/css\" data-created_by=\"avia_inline_auto\" id=\"style-css-av-av_image-6571ec480e2fa8c93a224ecb28f6b680\">\n.avia-image-container.av-av_image-6571ec480e2fa8c93a224ecb28f6b680 img.avia_image{\nbox-shadow:none;\n}\n.avia-image-container.av-av_image-6571ec480e2fa8c93a224ecb28f6b680 .av-caption-image-overlay-bg{\nopacity:0.4;\nbackground-color:#000000;\n}\n.avia-image-container.av-av_image-6571ec480e2fa8c93a224ecb28f6b680 .av-image-caption-overlay-center{\ncolor:#ffffff;\n}\n<\/style>\n<div  class='avia-image-container av-av_image-6571ec480e2fa8c93a224ecb28f6b680 av-styling- av-hover-grow av-img-linked avia-align-center  avia-builder-el-3  el_before_av_image  avia-builder-el-first  noHover av-overlay-hover-deactivate'   itemprop=\"image\" itemscope=\"itemscope\" itemtype=\"https:\/\/schema.org\/ImageObject\" ><div class=\"avia-image-container-inner\"><div class=\"avia-image-overlay-wrap\"><a href=\"http:\/\/www.balottaglobal.com.tr\/wp-content\/uploads\/2018\/10\/banyo-dolabi.pdf\" class='avia_image'  target=\"_blank\"  rel=\"noopener noreferrer\" aria-label='kategori-3'><div class=\"av-image-caption-overlay\"><div class=\"av-caption-image-overlay-bg\"><\/div><div class=\"av-image-caption-overlay-position\"><div class=\"av-image-caption-overlay-center\"><p>BATHROOM CABINET<\/p>\n<\/div><\/div><\/div><img fetchpriority=\"high\" class='wp-image-752 avia-img-lazy-loading-not-752 avia_image' src='https:\/\/www.balottaglobal.com.tr\/wp-content\/uploads\/2018\/09\/kategori-3.jpg' alt='' title='kategori-3'  height=\"400\" width=\"495\"  itemprop=\"thumbnailUrl\"  \/><\/a><\/div><\/div><\/div><br \/>\n\n<style type=\"text\/css\" data-created_by=\"avia_inline_auto\" id=\"style-css-av-av_image-d5ebf351c46d3e2d198055f0e5df2806\">\n.avia-image-container.av-av_image-d5ebf351c46d3e2d198055f0e5df2806 img.avia_image{\nbox-shadow:none;\n}\n.avia-image-container.av-av_image-d5ebf351c46d3e2d198055f0e5df2806 .av-caption-image-overlay-bg{\nopacity:0.4;\nbackground-color:#000000;\n}\n.avia-image-container.av-av_image-d5ebf351c46d3e2d198055f0e5df2806 .av-image-caption-overlay-center{\ncolor:#ffffff;\n}\n<\/style>\n<div  class='avia-image-container av-av_image-d5ebf351c46d3e2d198055f0e5df2806 av-styling- av-hover-grow av-img-linked avia-align-center  avia-builder-el-4  el_after_av_image  avia-builder-el-last  noHover av-overlay-hover-deactivate'   itemprop=\"image\" itemscope=\"itemscope\" itemtype=\"https:\/\/schema.org\/ImageObject\" ><div class=\"avia-image-container-inner\"><div class=\"avia-image-overlay-wrap\"><a href=\"https:\/\/www.balottaglobal.com.tr\/en\/dogal-taslar\/\" class='avia_image'  ><div class=\"av-image-caption-overlay\"><div class=\"av-caption-image-overlay-bg\"><\/div><div class=\"av-image-caption-overlay-position\"><div class=\"av-image-caption-overlay-center\"><p>NATURAL STONES<\/p>\n<\/div><\/div><\/div><img fetchpriority=\"high\" class='wp-image-3325 avia-img-lazy-loading-not-3325 avia_image' src='https:\/\/www.balottaglobal.com.tr\/wp-content\/uploads\/2019\/12\/dogaltas-495x400.jpg' alt='' title=''  height=\"400\" width=\"495\"  itemprop=\"thumbnailUrl\"  \/><\/a><\/div><\/div><\/div><\/p>\n<\/div><\/div>\n<style type=\"text\/css\" data-created_by=\"avia_inline_auto\" id=\"style-css-av-av_cell_one_fourth-f57c70f9f5a63fd800eb5b955b847c2a\">\n.flex_cell.av-av_cell_one_fourth-f57c70f9f5a63fd800eb5b955b847c2a{\nvertical-align:top;\n}\n.responsive #top #wrap_all .flex_cell.av-av_cell_one_fourth-f57c70f9f5a63fd800eb5b955b847c2a{\npadding:30px 30px 30px 30px !important;\n}\n<\/style>\n<div class='flex_cell av-av_cell_one_fourth-f57c70f9f5a63fd800eb5b955b847c2a av-gridrow-cell av_one_fourth no_margin  avia-builder-el-5  el_after_av_cell_one_fourth  el_before_av_cell_one_fourth  content-align-top'  ><div class='flex_cell_inner'><p>\n<style type=\"text\/css\" data-created_by=\"avia_inline_auto\" id=\"style-css-av-av_image-193e06f863dec4af9307069d1b94250a\">\n.avia-image-container.av-av_image-193e06f863dec4af9307069d1b94250a img.avia_image{\nbox-shadow:none;\n}\n.avia-image-container.av-av_image-193e06f863dec4af9307069d1b94250a .av-caption-image-overlay-bg{\nopacity:0.4;\nbackground-color:#000000;\n}\n.avia-image-container.av-av_image-193e06f863dec4af9307069d1b94250a .av-image-caption-overlay-center{\ncolor:#ffffff;\n}\n<\/style>\n<div  class='avia-image-container av-av_image-193e06f863dec4af9307069d1b94250a av-styling- av-hover-grow av-img-linked avia-align-center  avia-builder-el-6  el_before_av_image  avia-builder-el-first  noHover av-overlay-hover-deactivate'   itemprop=\"image\" itemscope=\"itemscope\" itemtype=\"https:\/\/schema.org\/ImageObject\" ><div class=\"avia-image-container-inner\"><div class=\"avia-image-overlay-wrap\"><a href=\"https:\/\/www.balottaglobal.com.tr\/wp-content\/uploads\/2018\/10\/2021-seramik-katalog.pdf\" class='avia_image'  aria-label='2021-seramik-katalog-10'><div class=\"av-image-caption-overlay\"><div class=\"av-caption-image-overlay-bg\"><\/div><div class=\"av-image-caption-overlay-position\"><div class=\"av-image-caption-overlay-center\"><p>CERAMIC<\/p>\n<\/div><\/div><\/div><img fetchpriority=\"high\" class='wp-image-3501 avia-img-lazy-loading-not-3501 avia_image' src='https:\/\/www.balottaglobal.com.tr\/wp-content\/uploads\/2021\/03\/2021-seramik-katalog-10-495x400.jpg' alt='' title='2021-seramik-katalog-10'  height=\"400\" width=\"495\"  itemprop=\"thumbnailUrl\"  \/><\/a><\/div><\/div><\/div><br \/>\n\n<style type=\"text\/css\" data-created_by=\"avia_inline_auto\" id=\"style-css-av-av_image-9b4096f0c545673941511a0485f1e821\">\n.avia-image-container.av-av_image-9b4096f0c545673941511a0485f1e821 img.avia_image{\nbox-shadow:none;\n}\n.avia-image-container.av-av_image-9b4096f0c545673941511a0485f1e821 .av-caption-image-overlay-bg{\nopacity:0.4;\nbackground-color:#000000;\n}\n.avia-image-container.av-av_image-9b4096f0c545673941511a0485f1e821 .av-image-caption-overlay-center{\ncolor:#ffffff;\n}\n<\/style>\n<div  class='avia-image-container av-av_image-9b4096f0c545673941511a0485f1e821 av-styling- av-hover-grow av-img-linked avia-align-center  avia-builder-el-7  el_after_av_image  avia-builder-el-last  noHover av-overlay-hover-deactivate'   itemprop=\"image\" itemscope=\"itemscope\" itemtype=\"https:\/\/schema.org\/ImageObject\" ><div class=\"avia-image-container-inner\"><div class=\"avia-image-overlay-wrap\"><a href=\"http:\/\/balottaglobal.com.tr\/wp-content\/uploads\/2018\/10\/2019_vitrifiye.pdf\" class='avia_image'  aria-label='vitrifiye'><div class=\"av-image-caption-overlay\"><div class=\"av-caption-image-overlay-bg\"><\/div><div class=\"av-image-caption-overlay-position\"><div class=\"av-image-caption-overlay-center\"><p>V\u0130TR\u0130F\u0130YE<\/p>\n<\/div><\/div><\/div><img fetchpriority=\"high\" class='wp-image-1733 avia-img-lazy-loading-not-1733 avia_image' src='https:\/\/www.balottaglobal.com.tr\/wp-content\/uploads\/2018\/09\/vitrifiye.jpg' alt='' title='vitrifiye'  height=\"400\" width=\"490\"  itemprop=\"thumbnailUrl\"  \/><\/a><\/div><\/div><\/div><\/p>\n<\/div><\/div>\n<style type=\"text\/css\" data-created_by=\"avia_inline_auto\" id=\"style-css-av-av_cell_one_fourth-f57c70f9f5a63fd800eb5b955b847c2a\">\n.flex_cell.av-av_cell_one_fourth-f57c70f9f5a63fd800eb5b955b847c2a{\nvertical-align:top;\n}\n.responsive #top #wrap_all .flex_cell.av-av_cell_one_fourth-f57c70f9f5a63fd800eb5b955b847c2a{\npadding:30px 30px 30px 30px !important;\n}\n<\/style>\n<div class='flex_cell av-av_cell_one_fourth-f57c70f9f5a63fd800eb5b955b847c2a av-gridrow-cell av_one_fourth no_margin  avia-builder-el-8  el_after_av_cell_one_fourth  el_before_av_cell_one_fourth  content-align-top'  ><div class='flex_cell_inner'>\n<style type=\"text\/css\" data-created_by=\"avia_inline_auto\" id=\"style-css-av-av_image-e178bc5279153beac635c0aeed575ffb\">\n.avia-image-container.av-av_image-e178bc5279153beac635c0aeed575ffb img.avia_image{\nbox-shadow:none;\n}\n.avia-image-container.av-av_image-e178bc5279153beac635c0aeed575ffb .av-caption-image-overlay-bg{\nopacity:0.4;\nbackground-color:#000000;\n}\n.avia-image-container.av-av_image-e178bc5279153beac635c0aeed575ffb .av-image-caption-overlay-center{\ncolor:#ffffff;\n}\n<\/style>\n<div  class='avia-image-container av-av_image-e178bc5279153beac635c0aeed575ffb av-styling- av-hover-grow av-img-linked avia-align-center  avia-builder-el-9  avia-builder-el-no-sibling  noHover av-overlay-hover-deactivate'   itemprop=\"image\" itemscope=\"itemscope\" itemtype=\"https:\/\/schema.org\/ImageObject\" ><div class=\"avia-image-container-inner\"><div class=\"avia-image-overlay-wrap\"><a href=\"https:\/\/balottaglobal.com.tr\/wp-content\/uploads\/2018\/10\/sir.pdf\" class='avia_image'  aria-label='kategori-4'><div class=\"av-image-caption-overlay\"><div class=\"av-caption-image-overlay-bg\"><\/div><div class=\"av-image-caption-overlay-position\"><div class=\"av-image-caption-overlay-center\"><p>SHOWER CABIN<\/p>\n<\/div><\/div><\/div><img fetchpriority=\"high\" class='wp-image-754 avia-img-lazy-loading-not-754 avia_image' src='https:\/\/www.balottaglobal.com.tr\/wp-content\/uploads\/2018\/09\/kategori-4.jpg' alt='' title='kategori-4'  height=\"400\" width=\"495\"  itemprop=\"thumbnailUrl\"  \/><\/a><\/div><\/div><\/div>\n<\/div><\/div>\n<style type=\"text\/css\" data-created_by=\"avia_inline_auto\" id=\"style-css-av-av_cell_one_fourth-f57c70f9f5a63fd800eb5b955b847c2a\">\n.flex_cell.av-av_cell_one_fourth-f57c70f9f5a63fd800eb5b955b847c2a{\nvertical-align:top;\n}\n.responsive #top #wrap_all .flex_cell.av-av_cell_one_fourth-f57c70f9f5a63fd800eb5b955b847c2a{\npadding:30px 30px 30px 30px !important;\n}\n<\/style>\n<div class='flex_cell av-av_cell_one_fourth-f57c70f9f5a63fd800eb5b955b847c2a av-gridrow-cell av_one_fourth no_margin  avia-builder-el-10  el_after_av_cell_one_fourth  avia-builder-el-last  content-align-top'  ><div class='flex_cell_inner'>\n<style type=\"text\/css\" data-created_by=\"avia_inline_auto\" id=\"style-css-av-av_image-f0c85155d78500957a0556a9dbd7785c\">\n.avia-image-container.av-av_image-f0c85155d78500957a0556a9dbd7785c img.avia_image{\nbox-shadow:none;\n}\n.avia-image-container.av-av_image-f0c85155d78500957a0556a9dbd7785c .av-caption-image-overlay-bg{\nopacity:0.4;\nbackground-color:#000000;\n}\n.avia-image-container.av-av_image-f0c85155d78500957a0556a9dbd7785c .av-image-caption-overlay-center{\ncolor:#ffffff;\n}\n<\/style>\n<div  class='avia-image-container av-av_image-f0c85155d78500957a0556a9dbd7785c av-styling- av-hover-grow av-img-linked avia-align-center  avia-builder-el-11  avia-builder-el-no-sibling  noHover av-overlay-hover-deactivate'   itemprop=\"image\" itemscope=\"itemscope\" itemtype=\"https:\/\/schema.org\/ImageObject\" ><div class=\"avia-image-container-inner\"><div class=\"avia-image-overlay-wrap\"><a href=\"http:\/\/balottaglobal.com.tr\/wp-content\/uploads\/2018\/10\/armatur.pdf\" class='avia_image'  ><div class=\"av-image-caption-overlay\"><div class=\"av-caption-image-overlay-bg\"><\/div><div class=\"av-image-caption-overlay-position\"><div class=\"av-image-caption-overlay-center\"><p>ARMATURE<\/p>\n<\/div><\/div><\/div><img fetchpriority=\"high\" class='wp-image-1728 avia-img-lazy-loading-not-1728 avia_image' src='https:\/\/www.balottaglobal.com.tr\/wp-content\/uploads\/2018\/09\/armatur-1.jpg' alt='' title=''  height=\"400\" width=\"490\"  itemprop=\"thumbnailUrl\"  \/><\/a><\/div><\/div><\/div>\n<\/div><\/div><\/div>","protected":false},"excerpt":{"rendered":"","protected":false},"author":1,"featured_media":0,"parent":0,"menu_order":0,"comment_status":"open","ping_status":"open","template":"","meta":{"_joinchat":[],"footnotes":""},"class_list":["post-74","page","type-page","status-publish","hentry"],"_links":{"self":[{"href":"https:\/\/www.balottaglobal.com.tr\/en\/wp-json\/wp\/v2\/pages\/74","targetHints":{"allow":["GET"]}}],"collection":[{"href":"https:\/\/www.balottaglobal.com.tr\/en\/wp-json\/wp\/v2\/pages"}],"about":[{"href":"https:\/\/www.balottaglobal.com.tr\/en\/wp-json\/wp\/v2\/types\/page"}],"author":[{"embeddable":true,"href":"https:\/\/www.balottaglobal.com.tr\/en\/wp-json\/wp\/v2\/users\/1"}],"replies":[{"embeddable":true,"href":"https:\/\/www.balottaglobal.com.tr\/en\/wp-json\/wp\/v2\/comments?post=74"}],"version-history":[{"count":58,"href":"https:\/\/www.balottaglobal.com.tr\/en\/wp-json\/wp\/v2\/pages\/74\/revisions"}],"predecessor-version":[{"id":3530,"href":"https:\/\/www.balottaglobal.com.tr\/en\/wp-json\/wp\/v2\/pages\/74\/revisions\/3530"}],"wp:attachment":[{"href":"https:\/\/www.balottaglobal.com.tr\/en\/wp-json\/wp\/v2\/media?parent=74"}],"curies":[{"name":"wp","href":"https:\/\/api.w.org\/{rel}","templated":true}]}}