{"id":1612,"date":"2018-09-29T01:57:33","date_gmt":"2018-09-28T22:57:33","guid":{"rendered":"http:\/\/balottaglobal.com.tr\/en\/?post_type=product&#038;p=1612"},"modified":"2018-10-15T12:23:27","modified_gmt":"2018-10-15T09:23:27","slug":"vizyon-serisi","status":"publish","type":"product","link":"https:\/\/www.balottaglobal.com.tr\/en\/product\/vizyon-serisi\/","title":{"rendered":"V\u0130ZYON SER\u0130S\u0130"},"content":{"rendered":"","protected":false},"excerpt":{"rendered":"","protected":false},"featured_media":1618,"template":"","meta":{"_joinchat":[]},"product_cat":[37,26],"product_tag":[],"class_list":["post-1612","product","type-product","status-publish","has-post-thumbnail","hentry","product_cat-banyo-dolabi","product_cat-genel"],"_links":{"self":[{"href":"https:\/\/www.balottaglobal.com.tr\/en\/wp-json\/wp\/v2\/product\/1612","targetHints":{"allow":["GET"]}}],"collection":[{"href":"https:\/\/www.balottaglobal.com.tr\/en\/wp-json\/wp\/v2\/product"}],"about":[{"href":"https:\/\/www.balottaglobal.com.tr\/en\/wp-json\/wp\/v2\/types\/product"}],"wp:featuredmedia":[{"embeddable":true,"href":"https:\/\/www.balottaglobal.com.tr\/en\/wp-json\/wp\/v2\/media\/1618"}],"wp:attachment":[{"href":"https:\/\/www.balottaglobal.com.tr\/en\/wp-json\/wp\/v2\/media?parent=1612"}],"wp:term":[{"taxonomy":"product_cat","embeddable":true,"href":"https:\/\/www.balottaglobal.com.tr\/en\/wp-json\/wp\/v2\/product_cat?post=1612"},{"taxonomy":"product_tag","embeddable":true,"href":"https:\/\/www.balottaglobal.com.tr\/en\/wp-json\/wp\/v2\/product_tag?post=1612"}],"curies":[{"name":"wp","href":"https:\/\/api.w.org\/{rel}","templated":true}]}}