{"id":1745,"date":"2018-09-30T01:00:27","date_gmt":"2018-09-29T22:00:27","guid":{"rendered":"http:\/\/balottaglobal.com.tr\/en\/?post_type=product&#038;p=1745"},"modified":"2018-09-30T01:00:28","modified_gmt":"2018-09-29T22:00:28","slug":"radyator-baglanti-borusu-rakorsuz-duz-celik","status":"publish","type":"product","link":"https:\/\/www.balottaglobal.com.tr\/en\/product\/radyator-baglanti-borusu-rakorsuz-duz-celik\/","title":{"rendered":"Radyat\u00f6r Ba\u011flant\u0131 Borusu Rakorsuz &#8211; D\u00fcz \u00c7elik"},"content":{"rendered":"","protected":false},"excerpt":{"rendered":"","protected":false},"featured_media":1751,"template":"","meta":{"_joinchat":[]},"product_cat":[55],"product_tag":[],"class_list":["post-1745","product","type-product","status-publish","has-post-thumbnail","hentry","product_cat-baglanti-borulari"],"_links":{"self":[{"href":"https:\/\/www.balottaglobal.com.tr\/en\/wp-json\/wp\/v2\/product\/1745","targetHints":{"allow":["GET"]}}],"collection":[{"href":"https:\/\/www.balottaglobal.com.tr\/en\/wp-json\/wp\/v2\/product"}],"about":[{"href":"https:\/\/www.balottaglobal.com.tr\/en\/wp-json\/wp\/v2\/types\/product"}],"wp:featuredmedia":[{"embeddable":true,"href":"https:\/\/www.balottaglobal.com.tr\/en\/wp-json\/wp\/v2\/media\/1751"}],"wp:attachment":[{"href":"https:\/\/www.balottaglobal.com.tr\/en\/wp-json\/wp\/v2\/media?parent=1745"}],"wp:term":[{"taxonomy":"product_cat","embeddable":true,"href":"https:\/\/www.balottaglobal.com.tr\/en\/wp-json\/wp\/v2\/product_cat?post=1745"},{"taxonomy":"product_tag","embeddable":true,"href":"https:\/\/www.balottaglobal.com.tr\/en\/wp-json\/wp\/v2\/product_tag?post=1745"}],"curies":[{"name":"wp","href":"https:\/\/api.w.org\/{rel}","templated":true}]}}