{"id":1753,"date":"2018-09-30T01:03:20","date_gmt":"2018-09-29T22:03:20","guid":{"rendered":"http:\/\/balottaglobal.com.tr\/en\/?post_type=product&#038;p=1753"},"modified":"2018-10-15T12:13:17","modified_gmt":"2018-10-15T09:13:17","slug":"radyator-baglanti-borusu-tek-tarafi-nipelli-bypass-celik","status":"publish","type":"product","link":"https:\/\/www.balottaglobal.com.tr\/en\/product\/radyator-baglanti-borusu-tek-tarafi-nipelli-bypass-celik\/","title":{"rendered":"Radyat\u00f6r Ba\u011flant\u0131 Borusu Tek Taraf\u0131 Nipelli (Bypass) \u00c7elik"},"content":{"rendered":"","protected":false},"excerpt":{"rendered":"","protected":false},"featured_media":1756,"template":"","meta":{"_joinchat":[]},"product_cat":[55],"product_tag":[],"class_list":["post-1753","product","type-product","status-publish","has-post-thumbnail","hentry","product_cat-baglanti-borulari"],"_links":{"self":[{"href":"https:\/\/www.balottaglobal.com.tr\/en\/wp-json\/wp\/v2\/product\/1753","targetHints":{"allow":["GET"]}}],"collection":[{"href":"https:\/\/www.balottaglobal.com.tr\/en\/wp-json\/wp\/v2\/product"}],"about":[{"href":"https:\/\/www.balottaglobal.com.tr\/en\/wp-json\/wp\/v2\/types\/product"}],"wp:featuredmedia":[{"embeddable":true,"href":"https:\/\/www.balottaglobal.com.tr\/en\/wp-json\/wp\/v2\/media\/1756"}],"wp:attachment":[{"href":"https:\/\/www.balottaglobal.com.tr\/en\/wp-json\/wp\/v2\/media?parent=1753"}],"wp:term":[{"taxonomy":"product_cat","embeddable":true,"href":"https:\/\/www.balottaglobal.com.tr\/en\/wp-json\/wp\/v2\/product_cat?post=1753"},{"taxonomy":"product_tag","embeddable":true,"href":"https:\/\/www.balottaglobal.com.tr\/en\/wp-json\/wp\/v2\/product_tag?post=1753"}],"curies":[{"name":"wp","href":"https:\/\/api.w.org\/{rel}","templated":true}]}}