{"id":1759,"date":"2018-09-30T01:05:08","date_gmt":"2018-09-29T22:05:08","guid":{"rendered":"http:\/\/balottaglobal.com.tr\/en\/?post_type=product&#038;p=1759"},"modified":"2018-09-30T01:05:08","modified_gmt":"2018-09-29T22:05:08","slug":"radyator-baglanti-dirsegi-paslanmaz","status":"publish","type":"product","link":"https:\/\/www.balottaglobal.com.tr\/en\/product\/radyator-baglanti-dirsegi-paslanmaz\/","title":{"rendered":"Radyat\u00f6r Ba\u011flant\u0131 Dirse\u011fi-Paslanmaz"},"content":{"rendered":"","protected":false},"excerpt":{"rendered":"","protected":false},"featured_media":1762,"template":"","meta":{"_joinchat":[]},"product_cat":[55],"product_tag":[],"class_list":["post-1759","product","type-product","status-publish","has-post-thumbnail","hentry","product_cat-baglanti-borulari"],"_links":{"self":[{"href":"https:\/\/www.balottaglobal.com.tr\/en\/wp-json\/wp\/v2\/product\/1759","targetHints":{"allow":["GET"]}}],"collection":[{"href":"https:\/\/www.balottaglobal.com.tr\/en\/wp-json\/wp\/v2\/product"}],"about":[{"href":"https:\/\/www.balottaglobal.com.tr\/en\/wp-json\/wp\/v2\/types\/product"}],"wp:featuredmedia":[{"embeddable":true,"href":"https:\/\/www.balottaglobal.com.tr\/en\/wp-json\/wp\/v2\/media\/1762"}],"wp:attachment":[{"href":"https:\/\/www.balottaglobal.com.tr\/en\/wp-json\/wp\/v2\/media?parent=1759"}],"wp:term":[{"taxonomy":"product_cat","embeddable":true,"href":"https:\/\/www.balottaglobal.com.tr\/en\/wp-json\/wp\/v2\/product_cat?post=1759"},{"taxonomy":"product_tag","embeddable":true,"href":"https:\/\/www.balottaglobal.com.tr\/en\/wp-json\/wp\/v2\/product_tag?post=1759"}],"curies":[{"name":"wp","href":"https:\/\/api.w.org\/{rel}","templated":true}]}}