{"id":1810,"date":"2018-09-30T01:24:42","date_gmt":"2018-09-29T22:24:42","guid":{"rendered":"http:\/\/balottaglobal.com.tr\/en\/?post_type=product&#038;p=1810"},"modified":"2018-09-30T01:24:42","modified_gmt":"2018-09-29T22:24:42","slug":"yerden-isitma-parcalari-hortum-boru-baglanti-rakor","status":"publish","type":"product","link":"https:\/\/www.balottaglobal.com.tr\/en\/product\/yerden-isitma-parcalari-hortum-boru-baglanti-rakor\/","title":{"rendered":"Yerden Is\u0131tma Par\u00e7alar\u0131  Hortum-Boru Ba\u011flant\u0131 Rakor"},"content":{"rendered":"","protected":false},"excerpt":{"rendered":"","protected":false},"featured_media":1814,"template":"","meta":{"_joinchat":[]},"product_cat":[49],"product_tag":[],"class_list":["post-1810","product","type-product","status-publish","has-post-thumbnail","hentry","product_cat-baglanti-parcalari"],"_links":{"self":[{"href":"https:\/\/www.balottaglobal.com.tr\/en\/wp-json\/wp\/v2\/product\/1810","targetHints":{"allow":["GET"]}}],"collection":[{"href":"https:\/\/www.balottaglobal.com.tr\/en\/wp-json\/wp\/v2\/product"}],"about":[{"href":"https:\/\/www.balottaglobal.com.tr\/en\/wp-json\/wp\/v2\/types\/product"}],"wp:featuredmedia":[{"embeddable":true,"href":"https:\/\/www.balottaglobal.com.tr\/en\/wp-json\/wp\/v2\/media\/1814"}],"wp:attachment":[{"href":"https:\/\/www.balottaglobal.com.tr\/en\/wp-json\/wp\/v2\/media?parent=1810"}],"wp:term":[{"taxonomy":"product_cat","embeddable":true,"href":"https:\/\/www.balottaglobal.com.tr\/en\/wp-json\/wp\/v2\/product_cat?post=1810"},{"taxonomy":"product_tag","embeddable":true,"href":"https:\/\/www.balottaglobal.com.tr\/en\/wp-json\/wp\/v2\/product_tag?post=1810"}],"curies":[{"name":"wp","href":"https:\/\/api.w.org\/{rel}","templated":true}]}}