{"id":1819,"date":"2018-09-30T01:31:35","date_gmt":"2018-09-29T22:31:35","guid":{"rendered":"http:\/\/balottaglobal.com.tr\/en\/?post_type=product&#038;p=1819"},"modified":"2018-09-30T01:31:35","modified_gmt":"2018-09-29T22:31:35","slug":"yerden-isitma-parcalari-sikistirmali-hortum-ekleme-rakor","status":"publish","type":"product","link":"https:\/\/www.balottaglobal.com.tr\/en\/product\/yerden-isitma-parcalari-sikistirmali-hortum-ekleme-rakor\/","title":{"rendered":"Yerden Is\u0131tma Par\u00e7alar\u0131  S\u0131k\u0131\u015ft\u0131rmal\u0131 Hortum Ekleme Rakor"},"content":{"rendered":"","protected":false},"excerpt":{"rendered":"","protected":false},"featured_media":1822,"template":"","meta":{"_joinchat":[]},"product_cat":[49],"product_tag":[],"class_list":["post-1819","product","type-product","status-publish","has-post-thumbnail","hentry","product_cat-baglanti-parcalari"],"_links":{"self":[{"href":"https:\/\/www.balottaglobal.com.tr\/en\/wp-json\/wp\/v2\/product\/1819","targetHints":{"allow":["GET"]}}],"collection":[{"href":"https:\/\/www.balottaglobal.com.tr\/en\/wp-json\/wp\/v2\/product"}],"about":[{"href":"https:\/\/www.balottaglobal.com.tr\/en\/wp-json\/wp\/v2\/types\/product"}],"wp:featuredmedia":[{"embeddable":true,"href":"https:\/\/www.balottaglobal.com.tr\/en\/wp-json\/wp\/v2\/media\/1822"}],"wp:attachment":[{"href":"https:\/\/www.balottaglobal.com.tr\/en\/wp-json\/wp\/v2\/media?parent=1819"}],"wp:term":[{"taxonomy":"product_cat","embeddable":true,"href":"https:\/\/www.balottaglobal.com.tr\/en\/wp-json\/wp\/v2\/product_cat?post=1819"},{"taxonomy":"product_tag","embeddable":true,"href":"https:\/\/www.balottaglobal.com.tr\/en\/wp-json\/wp\/v2\/product_tag?post=1819"}],"curies":[{"name":"wp","href":"https:\/\/api.w.org\/{rel}","templated":true}]}}