{"id":1825,"date":"2018-09-30T01:34:59","date_gmt":"2018-09-29T22:34:59","guid":{"rendered":"http:\/\/balottaglobal.com.tr\/en\/?post_type=product&#038;p=1825"},"modified":"2018-09-30T01:35:00","modified_gmt":"2018-09-29T22:35:00","slug":"yerden-isitma-parcalari-tee-rakor","status":"publish","type":"product","link":"https:\/\/www.balottaglobal.com.tr\/en\/product\/yerden-isitma-parcalari-tee-rakor\/","title":{"rendered":"Yerden Is\u0131tma Par\u00e7alar\u0131  Tee Rakor"},"content":{"rendered":"","protected":false},"excerpt":{"rendered":"","protected":false},"featured_media":1829,"template":"","meta":{"_joinchat":[]},"product_cat":[49],"product_tag":[],"class_list":["post-1825","product","type-product","status-publish","has-post-thumbnail","hentry","product_cat-baglanti-parcalari"],"_links":{"self":[{"href":"https:\/\/www.balottaglobal.com.tr\/en\/wp-json\/wp\/v2\/product\/1825","targetHints":{"allow":["GET"]}}],"collection":[{"href":"https:\/\/www.balottaglobal.com.tr\/en\/wp-json\/wp\/v2\/product"}],"about":[{"href":"https:\/\/www.balottaglobal.com.tr\/en\/wp-json\/wp\/v2\/types\/product"}],"wp:featuredmedia":[{"embeddable":true,"href":"https:\/\/www.balottaglobal.com.tr\/en\/wp-json\/wp\/v2\/media\/1829"}],"wp:attachment":[{"href":"https:\/\/www.balottaglobal.com.tr\/en\/wp-json\/wp\/v2\/media?parent=1825"}],"wp:term":[{"taxonomy":"product_cat","embeddable":true,"href":"https:\/\/www.balottaglobal.com.tr\/en\/wp-json\/wp\/v2\/product_cat?post=1825"},{"taxonomy":"product_tag","embeddable":true,"href":"https:\/\/www.balottaglobal.com.tr\/en\/wp-json\/wp\/v2\/product_tag?post=1825"}],"curies":[{"name":"wp","href":"https:\/\/api.w.org\/{rel}","templated":true}]}}