{"id":1927,"date":"2018-10-01T01:16:54","date_gmt":"2018-09-30T22:16:54","guid":{"rendered":"http:\/\/balottaglobal.com.tr\/en\/?post_type=product&#038;p=1927"},"modified":"2018-10-01T01:16:54","modified_gmt":"2018-09-30T22:16:54","slug":"34-ic-disli-duz-kollektor","status":"publish","type":"product","link":"https:\/\/www.balottaglobal.com.tr\/en\/product\/34-ic-disli-duz-kollektor\/","title":{"rendered":"34&#8220; \u0130\u00e7 Di\u015fli D\u00fcz Kollekt\u00f6r"},"content":{"rendered":"","protected":false},"excerpt":{"rendered":"","protected":false},"featured_media":1930,"template":"","meta":{"_joinchat":[]},"product_cat":[53],"product_tag":[],"class_list":["post-1927","product","type-product","status-publish","has-post-thumbnail","hentry","product_cat-kollektor-grubu"],"_links":{"self":[{"href":"https:\/\/www.balottaglobal.com.tr\/en\/wp-json\/wp\/v2\/product\/1927","targetHints":{"allow":["GET"]}}],"collection":[{"href":"https:\/\/www.balottaglobal.com.tr\/en\/wp-json\/wp\/v2\/product"}],"about":[{"href":"https:\/\/www.balottaglobal.com.tr\/en\/wp-json\/wp\/v2\/types\/product"}],"wp:featuredmedia":[{"embeddable":true,"href":"https:\/\/www.balottaglobal.com.tr\/en\/wp-json\/wp\/v2\/media\/1930"}],"wp:attachment":[{"href":"https:\/\/www.balottaglobal.com.tr\/en\/wp-json\/wp\/v2\/media?parent=1927"}],"wp:term":[{"taxonomy":"product_cat","embeddable":true,"href":"https:\/\/www.balottaglobal.com.tr\/en\/wp-json\/wp\/v2\/product_cat?post=1927"},{"taxonomy":"product_tag","embeddable":true,"href":"https:\/\/www.balottaglobal.com.tr\/en\/wp-json\/wp\/v2\/product_tag?post=1927"}],"curies":[{"name":"wp","href":"https:\/\/api.w.org\/{rel}","templated":true}]}}