{"id":1933,"date":"2018-10-01T01:18:12","date_gmt":"2018-09-30T22:18:12","guid":{"rendered":"http:\/\/balottaglobal.com.tr\/en\/?post_type=product&#038;p=1933"},"modified":"2018-10-01T01:18:12","modified_gmt":"2018-09-30T22:18:12","slug":"kollektor-dolabi-luks-model","status":"publish","type":"product","link":"https:\/\/www.balottaglobal.com.tr\/en\/product\/kollektor-dolabi-luks-model\/","title":{"rendered":"Kollekt\u00f6r Dolab\u0131 L\u00fcks Model"},"content":{"rendered":"","protected":false},"excerpt":{"rendered":"","protected":false},"featured_media":1936,"template":"","meta":{"_joinchat":[]},"product_cat":[53],"product_tag":[],"class_list":["post-1933","product","type-product","status-publish","has-post-thumbnail","hentry","product_cat-kollektor-grubu"],"_links":{"self":[{"href":"https:\/\/www.balottaglobal.com.tr\/en\/wp-json\/wp\/v2\/product\/1933","targetHints":{"allow":["GET"]}}],"collection":[{"href":"https:\/\/www.balottaglobal.com.tr\/en\/wp-json\/wp\/v2\/product"}],"about":[{"href":"https:\/\/www.balottaglobal.com.tr\/en\/wp-json\/wp\/v2\/types\/product"}],"wp:featuredmedia":[{"embeddable":true,"href":"https:\/\/www.balottaglobal.com.tr\/en\/wp-json\/wp\/v2\/media\/1936"}],"wp:attachment":[{"href":"https:\/\/www.balottaglobal.com.tr\/en\/wp-json\/wp\/v2\/media?parent=1933"}],"wp:term":[{"taxonomy":"product_cat","embeddable":true,"href":"https:\/\/www.balottaglobal.com.tr\/en\/wp-json\/wp\/v2\/product_cat?post=1933"},{"taxonomy":"product_tag","embeddable":true,"href":"https:\/\/www.balottaglobal.com.tr\/en\/wp-json\/wp\/v2\/product_tag?post=1933"}],"curies":[{"name":"wp","href":"https:\/\/api.w.org\/{rel}","templated":true}]}}