{"id":1943,"date":"2018-10-01T01:26:35","date_gmt":"2018-09-30T22:26:35","guid":{"rendered":"http:\/\/balottaglobal.com.tr\/en\/?post_type=product&#038;p=1943"},"modified":"2018-10-01T01:26:35","modified_gmt":"2018-09-30T22:26:35","slug":"bahce-muslugu-uzun-kisa-eko-kilitli","status":"publish","type":"product","link":"https:\/\/www.balottaglobal.com.tr\/en\/product\/bahce-muslugu-uzun-kisa-eko-kilitli\/","title":{"rendered":"Bah\u00e7e Muslu\u011fu (Uzun-K\u0131sa-Eko-Kilitli)"},"content":{"rendered":"","protected":false},"excerpt":{"rendered":"","protected":false},"featured_media":1944,"template":"","meta":{"_joinchat":[]},"product_cat":[50],"product_tag":[],"class_list":["post-1943","product","type-product","status-publish","has-post-thumbnail","hentry","product_cat-musluk-grubu"],"_links":{"self":[{"href":"https:\/\/www.balottaglobal.com.tr\/en\/wp-json\/wp\/v2\/product\/1943","targetHints":{"allow":["GET"]}}],"collection":[{"href":"https:\/\/www.balottaglobal.com.tr\/en\/wp-json\/wp\/v2\/product"}],"about":[{"href":"https:\/\/www.balottaglobal.com.tr\/en\/wp-json\/wp\/v2\/types\/product"}],"wp:featuredmedia":[{"embeddable":true,"href":"https:\/\/www.balottaglobal.com.tr\/en\/wp-json\/wp\/v2\/media\/1944"}],"wp:attachment":[{"href":"https:\/\/www.balottaglobal.com.tr\/en\/wp-json\/wp\/v2\/media?parent=1943"}],"wp:term":[{"taxonomy":"product_cat","embeddable":true,"href":"https:\/\/www.balottaglobal.com.tr\/en\/wp-json\/wp\/v2\/product_cat?post=1943"},{"taxonomy":"product_tag","embeddable":true,"href":"https:\/\/www.balottaglobal.com.tr\/en\/wp-json\/wp\/v2\/product_tag?post=1943"}],"curies":[{"name":"wp","href":"https:\/\/api.w.org\/{rel}","templated":true}]}}