{"id":1988,"date":"2018-10-01T01:43:16","date_gmt":"2018-09-30T22:43:16","guid":{"rendered":"http:\/\/balottaglobal.com.tr\/en\/?post_type=product&#038;p=1988"},"modified":"2018-10-01T01:43:17","modified_gmt":"2018-09-30T22:43:17","slug":"pp-r-ciftli-batarya-baglantisi","status":"publish","type":"product","link":"https:\/\/www.balottaglobal.com.tr\/en\/product\/pp-r-ciftli-batarya-baglantisi\/","title":{"rendered":"PP-R \u00c7iftli Batarya Ba\u011flant\u0131s\u0131"},"content":{"rendered":"","protected":false},"excerpt":{"rendered":"","protected":false},"featured_media":1991,"template":"","meta":{"_joinchat":[]},"product_cat":[46],"product_tag":[],"class_list":["post-1988","product","type-product","status-publish","has-post-thumbnail","hentry","product_cat-pprc-boru-ve-ek-parcalari"],"_links":{"self":[{"href":"https:\/\/www.balottaglobal.com.tr\/en\/wp-json\/wp\/v2\/product\/1988","targetHints":{"allow":["GET"]}}],"collection":[{"href":"https:\/\/www.balottaglobal.com.tr\/en\/wp-json\/wp\/v2\/product"}],"about":[{"href":"https:\/\/www.balottaglobal.com.tr\/en\/wp-json\/wp\/v2\/types\/product"}],"wp:featuredmedia":[{"embeddable":true,"href":"https:\/\/www.balottaglobal.com.tr\/en\/wp-json\/wp\/v2\/media\/1991"}],"wp:attachment":[{"href":"https:\/\/www.balottaglobal.com.tr\/en\/wp-json\/wp\/v2\/media?parent=1988"}],"wp:term":[{"taxonomy":"product_cat","embeddable":true,"href":"https:\/\/www.balottaglobal.com.tr\/en\/wp-json\/wp\/v2\/product_cat?post=1988"},{"taxonomy":"product_tag","embeddable":true,"href":"https:\/\/www.balottaglobal.com.tr\/en\/wp-json\/wp\/v2\/product_tag?post=1988"}],"curies":[{"name":"wp","href":"https:\/\/api.w.org\/{rel}","templated":true}]}}