{"id":1993,"date":"2018-10-01T01:44:37","date_gmt":"2018-09-30T22:44:37","guid":{"rendered":"http:\/\/balottaglobal.com.tr\/en\/?post_type=product&#038;p=1993"},"modified":"2018-10-01T01:44:37","modified_gmt":"2018-09-30T22:44:37","slug":"pp-r-dirsek-ic-disli","status":"publish","type":"product","link":"https:\/\/www.balottaglobal.com.tr\/en\/product\/pp-r-dirsek-ic-disli\/","title":{"rendered":"PP-R Dirsek  \u0130\u00e7 Di\u015fli"},"content":{"rendered":"","protected":false},"excerpt":{"rendered":"","protected":false},"featured_media":1996,"template":"","meta":{"_joinchat":[]},"product_cat":[46],"product_tag":[],"class_list":["post-1993","product","type-product","status-publish","has-post-thumbnail","hentry","product_cat-pprc-boru-ve-ek-parcalari"],"_links":{"self":[{"href":"https:\/\/www.balottaglobal.com.tr\/en\/wp-json\/wp\/v2\/product\/1993","targetHints":{"allow":["GET"]}}],"collection":[{"href":"https:\/\/www.balottaglobal.com.tr\/en\/wp-json\/wp\/v2\/product"}],"about":[{"href":"https:\/\/www.balottaglobal.com.tr\/en\/wp-json\/wp\/v2\/types\/product"}],"wp:featuredmedia":[{"embeddable":true,"href":"https:\/\/www.balottaglobal.com.tr\/en\/wp-json\/wp\/v2\/media\/1996"}],"wp:attachment":[{"href":"https:\/\/www.balottaglobal.com.tr\/en\/wp-json\/wp\/v2\/media?parent=1993"}],"wp:term":[{"taxonomy":"product_cat","embeddable":true,"href":"https:\/\/www.balottaglobal.com.tr\/en\/wp-json\/wp\/v2\/product_cat?post=1993"},{"taxonomy":"product_tag","embeddable":true,"href":"https:\/\/www.balottaglobal.com.tr\/en\/wp-json\/wp\/v2\/product_tag?post=1993"}],"curies":[{"name":"wp","href":"https:\/\/api.w.org\/{rel}","templated":true}]}}