{"id":2100,"date":"2018-10-06T00:29:55","date_gmt":"2018-10-05T21:29:55","guid":{"rendered":"http:\/\/balottaglobal.com.tr\/en\/?post_type=product&#038;p=2100"},"modified":"2018-10-06T00:29:55","modified_gmt":"2018-10-05T21:29:55","slug":"12-su-baglanti-flexibogmali-rakor-rakor-grup-14","status":"publish","type":"product","link":"https:\/\/www.balottaglobal.com.tr\/en\/product\/12-su-baglanti-flexibogmali-rakor-rakor-grup-14\/","title":{"rendered":"12 Su Ba\u011flant\u0131 FlexiBo\u011fmal\u0131 (Rakor-Rakor) Grup-14"},"content":{"rendered":"","protected":false},"excerpt":{"rendered":"","protected":false},"featured_media":2101,"template":"","meta":{"_joinchat":[]},"product_cat":[56],"product_tag":[],"class_list":["post-2100","product","type-product","status-publish","has-post-thumbnail","hentry","product_cat-paslanmaz-flex-grubu"],"_links":{"self":[{"href":"https:\/\/www.balottaglobal.com.tr\/en\/wp-json\/wp\/v2\/product\/2100","targetHints":{"allow":["GET"]}}],"collection":[{"href":"https:\/\/www.balottaglobal.com.tr\/en\/wp-json\/wp\/v2\/product"}],"about":[{"href":"https:\/\/www.balottaglobal.com.tr\/en\/wp-json\/wp\/v2\/types\/product"}],"wp:featuredmedia":[{"embeddable":true,"href":"https:\/\/www.balottaglobal.com.tr\/en\/wp-json\/wp\/v2\/media\/2101"}],"wp:attachment":[{"href":"https:\/\/www.balottaglobal.com.tr\/en\/wp-json\/wp\/v2\/media?parent=2100"}],"wp:term":[{"taxonomy":"product_cat","embeddable":true,"href":"https:\/\/www.balottaglobal.com.tr\/en\/wp-json\/wp\/v2\/product_cat?post=2100"},{"taxonomy":"product_tag","embeddable":true,"href":"https:\/\/www.balottaglobal.com.tr\/en\/wp-json\/wp\/v2\/product_tag?post=2100"}],"curies":[{"name":"wp","href":"https:\/\/api.w.org\/{rel}","templated":true}]}}