{"id":2124,"date":"2018-10-06T00:50:03","date_gmt":"2018-10-05T21:50:03","guid":{"rendered":"http:\/\/balottaglobal.com.tr\/en\/?post_type=product&#038;p=2124"},"modified":"2018-10-06T00:50:03","modified_gmt":"2018-10-05T21:50:03","slug":"cekvalf-calparali","status":"publish","type":"product","link":"https:\/\/www.balottaglobal.com.tr\/en\/product\/cekvalf-calparali\/","title":{"rendered":"\u00c7ekvalf \u00c7alparal\u0131"},"content":{"rendered":"","protected":false},"excerpt":{"rendered":"","protected":false},"featured_media":2125,"template":"","meta":{"_joinchat":[]},"product_cat":[51],"product_tag":[],"class_list":["post-2124","product","type-product","status-publish","has-post-thumbnail","hentry","product_cat-sari-urun-gruplari"],"_links":{"self":[{"href":"https:\/\/www.balottaglobal.com.tr\/en\/wp-json\/wp\/v2\/product\/2124","targetHints":{"allow":["GET"]}}],"collection":[{"href":"https:\/\/www.balottaglobal.com.tr\/en\/wp-json\/wp\/v2\/product"}],"about":[{"href":"https:\/\/www.balottaglobal.com.tr\/en\/wp-json\/wp\/v2\/types\/product"}],"wp:featuredmedia":[{"embeddable":true,"href":"https:\/\/www.balottaglobal.com.tr\/en\/wp-json\/wp\/v2\/media\/2125"}],"wp:attachment":[{"href":"https:\/\/www.balottaglobal.com.tr\/en\/wp-json\/wp\/v2\/media?parent=2124"}],"wp:term":[{"taxonomy":"product_cat","embeddable":true,"href":"https:\/\/www.balottaglobal.com.tr\/en\/wp-json\/wp\/v2\/product_cat?post=2124"},{"taxonomy":"product_tag","embeddable":true,"href":"https:\/\/www.balottaglobal.com.tr\/en\/wp-json\/wp\/v2\/product_tag?post=2124"}],"curies":[{"name":"wp","href":"https:\/\/api.w.org\/{rel}","templated":true}]}}