{"id":2576,"date":"2019-11-14T12:07:23","date_gmt":"2019-11-14T09:07:23","guid":{"rendered":"https:\/\/www.balottaglobal.com.tr\/?post_type=product&#038;p=2576"},"modified":"2019-11-19T22:39:09","modified_gmt":"2019-11-19T19:39:09","slug":"malin","status":"publish","type":"product","link":"https:\/\/www.balottaglobal.com.tr\/en\/product\/malin\/","title":{"rendered":"MALIN"},"content":{"rendered":"","protected":false},"excerpt":{"rendered":"<p>NOT :\u00a0Compact Sistemlerin Kabinlerinde Sadece \u0130nox Profil Kullan\u0131lmaktad\u0131r.<br \/>\nSiyah Renk Se\u00e7ene\u011fi T\u00fcm Compact Modellerinde Uygulanmaktad\u0131r. Tekne ve Tavan Beyaz\u00a0%10. Full Siyah Modellerde\u00a0% 20\u00a0Fiyat Fark\u0131 Uygulanmaktad\u0131r.<\/p>","protected":false},"featured_media":2580,"template":"","meta":{"_joinchat":[]},"product_cat":[38],"product_tag":[],"class_list":["post-2576","product","type-product","status-publish","has-post-thumbnail","hentry","product_cat-dusa-kabin"],"_links":{"self":[{"href":"https:\/\/www.balottaglobal.com.tr\/en\/wp-json\/wp\/v2\/product\/2576","targetHints":{"allow":["GET"]}}],"collection":[{"href":"https:\/\/www.balottaglobal.com.tr\/en\/wp-json\/wp\/v2\/product"}],"about":[{"href":"https:\/\/www.balottaglobal.com.tr\/en\/wp-json\/wp\/v2\/types\/product"}],"wp:featuredmedia":[{"embeddable":true,"href":"https:\/\/www.balottaglobal.com.tr\/en\/wp-json\/wp\/v2\/media\/2580"}],"wp:attachment":[{"href":"https:\/\/www.balottaglobal.com.tr\/en\/wp-json\/wp\/v2\/media?parent=2576"}],"wp:term":[{"taxonomy":"product_cat","embeddable":true,"href":"https:\/\/www.balottaglobal.com.tr\/en\/wp-json\/wp\/v2\/product_cat?post=2576"},{"taxonomy":"product_tag","embeddable":true,"href":"https:\/\/www.balottaglobal.com.tr\/en\/wp-json\/wp\/v2\/product_tag?post=2576"}],"curies":[{"name":"wp","href":"https:\/\/api.w.org\/{rel}","templated":true}]}}