{"id":2735,"date":"2019-11-19T23:23:17","date_gmt":"2019-11-19T20:23:17","guid":{"rendered":"https:\/\/www.balottaglobal.com.tr\/?post_type=product&#038;p=2735"},"modified":"2019-11-19T23:26:57","modified_gmt":"2019-11-19T20:26:57","slug":"surf","status":"publish","type":"product","link":"https:\/\/www.balottaglobal.com.tr\/en\/product\/surf\/","title":{"rendered":"SURF"},"content":{"rendered":"","protected":false},"excerpt":{"rendered":"<p><strong><span style=\"color: #ff0000;\">NOT<\/span><\/strong> :\u00a0Compact Sistemlerin Kabinlerinde Sadece \u0130nox Profil Kullan\u0131lmaktad\u0131r.<br \/>\nSiyah Renk Se\u00e7ene\u011fi T\u00fcm Compact Modellerinde Uygulanmaktad\u0131r. Tekne ve Tavan Beyaz\u00a0<strong><span style=\"color: #ff0000;\">%10<\/span><\/strong>. Full Siyah Modellerde\u00a0<strong><span style=\"color: #ff0000;\">% 20<\/span><\/strong>\u00a0Fiyat Fark\u0131 Uygulanmaktad\u0131r.<\/p>","protected":false},"featured_media":2736,"template":"","meta":{"_joinchat":[]},"product_cat":[38],"product_tag":[],"class_list":["post-2735","product","type-product","status-publish","has-post-thumbnail","hentry","product_cat-dusa-kabin"],"_links":{"self":[{"href":"https:\/\/www.balottaglobal.com.tr\/en\/wp-json\/wp\/v2\/product\/2735","targetHints":{"allow":["GET"]}}],"collection":[{"href":"https:\/\/www.balottaglobal.com.tr\/en\/wp-json\/wp\/v2\/product"}],"about":[{"href":"https:\/\/www.balottaglobal.com.tr\/en\/wp-json\/wp\/v2\/types\/product"}],"wp:featuredmedia":[{"embeddable":true,"href":"https:\/\/www.balottaglobal.com.tr\/en\/wp-json\/wp\/v2\/media\/2736"}],"wp:attachment":[{"href":"https:\/\/www.balottaglobal.com.tr\/en\/wp-json\/wp\/v2\/media?parent=2735"}],"wp:term":[{"taxonomy":"product_cat","embeddable":true,"href":"https:\/\/www.balottaglobal.com.tr\/en\/wp-json\/wp\/v2\/product_cat?post=2735"},{"taxonomy":"product_tag","embeddable":true,"href":"https:\/\/www.balottaglobal.com.tr\/en\/wp-json\/wp\/v2\/product_tag?post=2735"}],"curies":[{"name":"wp","href":"https:\/\/api.w.org\/{rel}","templated":true}]}}