{"id":2782,"date":"2019-11-20T17:00:56","date_gmt":"2019-11-20T14:00:56","guid":{"rendered":"https:\/\/www.balottaglobal.com.tr\/?post_type=product&#038;p=2782"},"modified":"2019-11-20T17:00:56","modified_gmt":"2019-11-20T14:00:56","slug":"flora-i","status":"publish","type":"product","link":"https:\/\/www.balottaglobal.com.tr\/en\/product\/flora-i\/","title":{"rendered":"FLORA-I"},"content":{"rendered":"","protected":false},"excerpt":{"rendered":"<p><span style=\"color: #ff0000;\">NOT<\/span> :\u00a0Compact Sistemlerin Kabinlerinde Sadece \u0130nox Profil Kullan\u0131lmaktad\u0131r.<br \/>\nSiyah Renk Se\u00e7ene\u011fi T\u00fcm Compact Modellerinde Uygulanmaktad\u0131r. Tekne ve Tavan Beyaz\u00a0<span style=\"color: #ff0000;\">%10<\/span>. Full Siyah Modellerde\u00a0<span style=\"color: #ff0000;\">%20<\/span>\u00a0Fiyat Fark\u0131 Uygulanmaktad\u0131r.<\/p>","protected":false},"featured_media":2784,"template":"","meta":{"_joinchat":[]},"product_cat":[38],"product_tag":[],"class_list":["post-2782","product","type-product","status-publish","has-post-thumbnail","hentry","product_cat-dusa-kabin"],"_links":{"self":[{"href":"https:\/\/www.balottaglobal.com.tr\/en\/wp-json\/wp\/v2\/product\/2782","targetHints":{"allow":["GET"]}}],"collection":[{"href":"https:\/\/www.balottaglobal.com.tr\/en\/wp-json\/wp\/v2\/product"}],"about":[{"href":"https:\/\/www.balottaglobal.com.tr\/en\/wp-json\/wp\/v2\/types\/product"}],"wp:featuredmedia":[{"embeddable":true,"href":"https:\/\/www.balottaglobal.com.tr\/en\/wp-json\/wp\/v2\/media\/2784"}],"wp:attachment":[{"href":"https:\/\/www.balottaglobal.com.tr\/en\/wp-json\/wp\/v2\/media?parent=2782"}],"wp:term":[{"taxonomy":"product_cat","embeddable":true,"href":"https:\/\/www.balottaglobal.com.tr\/en\/wp-json\/wp\/v2\/product_cat?post=2782"},{"taxonomy":"product_tag","embeddable":true,"href":"https:\/\/www.balottaglobal.com.tr\/en\/wp-json\/wp\/v2\/product_tag?post=2782"}],"curies":[{"name":"wp","href":"https:\/\/api.w.org\/{rel}","templated":true}]}}