{"id":2921,"date":"2019-11-22T03:07:31","date_gmt":"2019-11-22T00:07:31","guid":{"rendered":"https:\/\/www.balottaglobal.com.tr\/?post_type=product&#038;p=2921"},"modified":"2019-11-22T03:07:31","modified_gmt":"2019-11-22T00:07:31","slug":"ligurain","status":"publish","type":"product","link":"https:\/\/www.balottaglobal.com.tr\/en\/product\/ligurain\/","title":{"rendered":"LIGURAIN"},"content":{"rendered":"","protected":false},"excerpt":{"rendered":"<p>Renk se\u00e7enekleri k\u0131rm\u0131z\u0131 ve siyaht\u0131r. Renkli \u00fcr\u00fcnlerde fiyat fark\u0131 uygulanmaktad\u0131r.<\/p>","protected":false},"featured_media":2933,"template":"","meta":{"_joinchat":[]},"product_cat":[38],"product_tag":[],"class_list":["post-2921","product","type-product","status-publish","has-post-thumbnail","hentry","product_cat-dusa-kabin"],"_links":{"self":[{"href":"https:\/\/www.balottaglobal.com.tr\/en\/wp-json\/wp\/v2\/product\/2921","targetHints":{"allow":["GET"]}}],"collection":[{"href":"https:\/\/www.balottaglobal.com.tr\/en\/wp-json\/wp\/v2\/product"}],"about":[{"href":"https:\/\/www.balottaglobal.com.tr\/en\/wp-json\/wp\/v2\/types\/product"}],"wp:featuredmedia":[{"embeddable":true,"href":"https:\/\/www.balottaglobal.com.tr\/en\/wp-json\/wp\/v2\/media\/2933"}],"wp:attachment":[{"href":"https:\/\/www.balottaglobal.com.tr\/en\/wp-json\/wp\/v2\/media?parent=2921"}],"wp:term":[{"taxonomy":"product_cat","embeddable":true,"href":"https:\/\/www.balottaglobal.com.tr\/en\/wp-json\/wp\/v2\/product_cat?post=2921"},{"taxonomy":"product_tag","embeddable":true,"href":"https:\/\/www.balottaglobal.com.tr\/en\/wp-json\/wp\/v2\/product_tag?post=2921"}],"curies":[{"name":"wp","href":"https:\/\/api.w.org\/{rel}","templated":true}]}}