{"id":2953,"date":"2019-11-22T03:28:03","date_gmt":"2019-11-22T00:28:03","guid":{"rendered":"https:\/\/www.balottaglobal.com.tr\/?post_type=product&#038;p=2953"},"modified":"2019-11-22T03:28:04","modified_gmt":"2019-11-22T00:28:04","slug":"baffin","status":"publish","type":"product","link":"https:\/\/www.balottaglobal.com.tr\/en\/product\/baffin\/","title":{"rendered":"BAFF\u0130N"},"content":{"rendered":"","protected":false},"excerpt":{"rendered":"<p>Renk se\u00e7enekleri k\u0131rm\u0131z\u0131 ve siyaht\u0131r. Renkli \u00fcr\u00fcnlerde fiyat fark\u0131 uygulanmaktad\u0131r.<\/p>","protected":false},"featured_media":2954,"template":"","meta":{"_joinchat":[]},"product_cat":[38],"product_tag":[],"class_list":["post-2953","product","type-product","status-publish","has-post-thumbnail","hentry","product_cat-dusa-kabin"],"_links":{"self":[{"href":"https:\/\/www.balottaglobal.com.tr\/en\/wp-json\/wp\/v2\/product\/2953","targetHints":{"allow":["GET"]}}],"collection":[{"href":"https:\/\/www.balottaglobal.com.tr\/en\/wp-json\/wp\/v2\/product"}],"about":[{"href":"https:\/\/www.balottaglobal.com.tr\/en\/wp-json\/wp\/v2\/types\/product"}],"wp:featuredmedia":[{"embeddable":true,"href":"https:\/\/www.balottaglobal.com.tr\/en\/wp-json\/wp\/v2\/media\/2954"}],"wp:attachment":[{"href":"https:\/\/www.balottaglobal.com.tr\/en\/wp-json\/wp\/v2\/media?parent=2953"}],"wp:term":[{"taxonomy":"product_cat","embeddable":true,"href":"https:\/\/www.balottaglobal.com.tr\/en\/wp-json\/wp\/v2\/product_cat?post=2953"},{"taxonomy":"product_tag","embeddable":true,"href":"https:\/\/www.balottaglobal.com.tr\/en\/wp-json\/wp\/v2\/product_tag?post=2953"}],"curies":[{"name":"wp","href":"https:\/\/api.w.org\/{rel}","templated":true}]}}