{"id":816,"date":"2018-09-26T01:22:45","date_gmt":"2018-09-25T22:22:45","guid":{"rendered":"http:\/\/balottaglobal.com.tr\/en\/?post_type=product&#038;p=816"},"modified":"2018-09-26T01:22:45","modified_gmt":"2018-09-25T22:22:45","slug":"victoria-serisi","status":"publish","type":"product","link":"https:\/\/www.balottaglobal.com.tr\/en\/product\/victoria-serisi\/","title":{"rendered":"V\u0130CTOR\u0130A SER\u0130S\u0130"},"content":{"rendered":"","protected":false},"excerpt":{"rendered":"","protected":false},"featured_media":817,"template":"","meta":{"_joinchat":[]},"product_cat":[37],"product_tag":[],"class_list":["post-816","product","type-product","status-publish","has-post-thumbnail","hentry","product_cat-banyo-dolabi"],"_links":{"self":[{"href":"https:\/\/www.balottaglobal.com.tr\/en\/wp-json\/wp\/v2\/product\/816","targetHints":{"allow":["GET"]}}],"collection":[{"href":"https:\/\/www.balottaglobal.com.tr\/en\/wp-json\/wp\/v2\/product"}],"about":[{"href":"https:\/\/www.balottaglobal.com.tr\/en\/wp-json\/wp\/v2\/types\/product"}],"wp:featuredmedia":[{"embeddable":true,"href":"https:\/\/www.balottaglobal.com.tr\/en\/wp-json\/wp\/v2\/media\/817"}],"wp:attachment":[{"href":"https:\/\/www.balottaglobal.com.tr\/en\/wp-json\/wp\/v2\/media?parent=816"}],"wp:term":[{"taxonomy":"product_cat","embeddable":true,"href":"https:\/\/www.balottaglobal.com.tr\/en\/wp-json\/wp\/v2\/product_cat?post=816"},{"taxonomy":"product_tag","embeddable":true,"href":"https:\/\/www.balottaglobal.com.tr\/en\/wp-json\/wp\/v2\/product_tag?post=816"}],"curies":[{"name":"wp","href":"https:\/\/api.w.org\/{rel}","templated":true}]}}