{"id":1760,"date":"2018-09-30T01:06:52","date_gmt":"2018-09-29T22:06:52","guid":{"rendered":"http:\/\/balottaglobal.com.tr\/en\/?post_type=product&#038;p=1760"},"modified":"2018-09-30T01:06:53","modified_gmt":"2018-09-29T22:06:53","slug":"radyator-baglanti-dirsegi-celik","status":"publish","type":"product","link":"https:\/\/www.balottaglobal.com.tr\/tr\/urun\/radyator-baglanti-dirsegi-celik\/","title":{"rendered":"Radyat\u00f6r Ba\u011flant\u0131 Dirse\u011fi-\u00c7elik"},"content":{"rendered":"","protected":false},"excerpt":{"rendered":"","protected":false},"featured_media":1761,"template":"","meta":{"_joinchat":[]},"product_cat":[55],"product_tag":[],"class_list":["post-1760","product","type-product","status-publish","has-post-thumbnail","hentry","product_cat-baglanti-borulari"],"_links":{"self":[{"href":"https:\/\/www.balottaglobal.com.tr\/tr\/wp-json\/wp\/v2\/product\/1760","targetHints":{"allow":["GET"]}}],"collection":[{"href":"https:\/\/www.balottaglobal.com.tr\/tr\/wp-json\/wp\/v2\/product"}],"about":[{"href":"https:\/\/www.balottaglobal.com.tr\/tr\/wp-json\/wp\/v2\/types\/product"}],"wp:featuredmedia":[{"embeddable":true,"href":"https:\/\/www.balottaglobal.com.tr\/tr\/wp-json\/wp\/v2\/media\/1761"}],"wp:attachment":[{"href":"https:\/\/www.balottaglobal.com.tr\/tr\/wp-json\/wp\/v2\/media?parent=1760"}],"wp:term":[{"taxonomy":"product_cat","embeddable":true,"href":"https:\/\/www.balottaglobal.com.tr\/tr\/wp-json\/wp\/v2\/product_cat?post=1760"},{"taxonomy":"product_tag","embeddable":true,"href":"https:\/\/www.balottaglobal.com.tr\/tr\/wp-json\/wp\/v2\/product_tag?post=1760"}],"curies":[{"name":"wp","href":"https:\/\/api.w.org\/{rel}","templated":true}]}}