{"id":1771,"date":"2018-09-30T01:10:53","date_gmt":"2018-09-29T22:10:53","guid":{"rendered":"http:\/\/balottaglobal.com.tr\/en\/?post_type=product&#038;p=1771"},"modified":"2018-09-30T01:10:53","modified_gmt":"2018-09-29T22:10:53","slug":"kose-radyator-rakor-nikel","status":"publish","type":"product","link":"https:\/\/www.balottaglobal.com.tr\/tr\/urun\/kose-radyator-rakor-nikel\/","title":{"rendered":"K\u00f6\u015fe Radyat\u00f6r Rakor &#8211; Nikel"},"content":{"rendered":"","protected":false},"excerpt":{"rendered":"","protected":false},"featured_media":1774,"template":"","meta":{"_joinchat":[]},"product_cat":[49],"product_tag":[],"class_list":["post-1771","product","type-product","status-publish","has-post-thumbnail","hentry","product_cat-baglanti-parcalari"],"_links":{"self":[{"href":"https:\/\/www.balottaglobal.com.tr\/tr\/wp-json\/wp\/v2\/product\/1771","targetHints":{"allow":["GET"]}}],"collection":[{"href":"https:\/\/www.balottaglobal.com.tr\/tr\/wp-json\/wp\/v2\/product"}],"about":[{"href":"https:\/\/www.balottaglobal.com.tr\/tr\/wp-json\/wp\/v2\/types\/product"}],"wp:featuredmedia":[{"embeddable":true,"href":"https:\/\/www.balottaglobal.com.tr\/tr\/wp-json\/wp\/v2\/media\/1774"}],"wp:attachment":[{"href":"https:\/\/www.balottaglobal.com.tr\/tr\/wp-json\/wp\/v2\/media?parent=1771"}],"wp:term":[{"taxonomy":"product_cat","embeddable":true,"href":"https:\/\/www.balottaglobal.com.tr\/tr\/wp-json\/wp\/v2\/product_cat?post=1771"},{"taxonomy":"product_tag","embeddable":true,"href":"https:\/\/www.balottaglobal.com.tr\/tr\/wp-json\/wp\/v2\/product_tag?post=1771"}],"curies":[{"name":"wp","href":"https:\/\/api.w.org\/{rel}","templated":true}]}}