{"id":1795,"date":"2018-09-30T01:20:15","date_gmt":"2018-09-29T22:20:15","guid":{"rendered":"http:\/\/balottaglobal.com.tr\/en\/?post_type=product&#038;p=1795"},"modified":"2018-09-30T01:20:16","modified_gmt":"2018-09-29T22:20:16","slug":"yerden-isitma-parcalari-boru-baglanti-rakoru","status":"publish","type":"product","link":"https:\/\/www.balottaglobal.com.tr\/tr\/urun\/yerden-isitma-parcalari-boru-baglanti-rakoru\/","title":{"rendered":"Yerden Is\u0131tma Par\u00e7alar\u0131  Boru Ba\u011flant\u0131 Rakoru"},"content":{"rendered":"","protected":false},"excerpt":{"rendered":"","protected":false},"featured_media":1800,"template":"","meta":{"_joinchat":[]},"product_cat":[49],"product_tag":[],"class_list":["post-1795","product","type-product","status-publish","has-post-thumbnail","hentry","product_cat-baglanti-parcalari"],"_links":{"self":[{"href":"https:\/\/www.balottaglobal.com.tr\/tr\/wp-json\/wp\/v2\/product\/1795","targetHints":{"allow":["GET"]}}],"collection":[{"href":"https:\/\/www.balottaglobal.com.tr\/tr\/wp-json\/wp\/v2\/product"}],"about":[{"href":"https:\/\/www.balottaglobal.com.tr\/tr\/wp-json\/wp\/v2\/types\/product"}],"wp:featuredmedia":[{"embeddable":true,"href":"https:\/\/www.balottaglobal.com.tr\/tr\/wp-json\/wp\/v2\/media\/1800"}],"wp:attachment":[{"href":"https:\/\/www.balottaglobal.com.tr\/tr\/wp-json\/wp\/v2\/media?parent=1795"}],"wp:term":[{"taxonomy":"product_cat","embeddable":true,"href":"https:\/\/www.balottaglobal.com.tr\/tr\/wp-json\/wp\/v2\/product_cat?post=1795"},{"taxonomy":"product_tag","embeddable":true,"href":"https:\/\/www.balottaglobal.com.tr\/tr\/wp-json\/wp\/v2\/product_tag?post=1795"}],"curies":[{"name":"wp","href":"https:\/\/api.w.org\/{rel}","templated":true}]}}