{"id":1802,"date":"2018-09-30T01:22:44","date_gmt":"2018-09-29T22:22:44","guid":{"rendered":"http:\/\/balottaglobal.com.tr\/en\/?post_type=product&#038;p=1802"},"modified":"2018-09-30T01:22:44","modified_gmt":"2018-09-29T22:22:44","slug":"yerden-isitma-parcalari-hortum-ekleme-rakoru","status":"publish","type":"product","link":"https:\/\/www.balottaglobal.com.tr\/tr\/urun\/yerden-isitma-parcalari-hortum-ekleme-rakoru\/","title":{"rendered":"Yerden Is\u0131tma Par\u00e7alar\u0131  Hortum Ekleme Rakoru"},"content":{"rendered":"","protected":false},"excerpt":{"rendered":"","protected":false},"featured_media":1809,"template":"","meta":{"_joinchat":[]},"product_cat":[49],"product_tag":[],"class_list":["post-1802","product","type-product","status-publish","has-post-thumbnail","hentry","product_cat-baglanti-parcalari"],"_links":{"self":[{"href":"https:\/\/www.balottaglobal.com.tr\/tr\/wp-json\/wp\/v2\/product\/1802","targetHints":{"allow":["GET"]}}],"collection":[{"href":"https:\/\/www.balottaglobal.com.tr\/tr\/wp-json\/wp\/v2\/product"}],"about":[{"href":"https:\/\/www.balottaglobal.com.tr\/tr\/wp-json\/wp\/v2\/types\/product"}],"wp:featuredmedia":[{"embeddable":true,"href":"https:\/\/www.balottaglobal.com.tr\/tr\/wp-json\/wp\/v2\/media\/1809"}],"wp:attachment":[{"href":"https:\/\/www.balottaglobal.com.tr\/tr\/wp-json\/wp\/v2\/media?parent=1802"}],"wp:term":[{"taxonomy":"product_cat","embeddable":true,"href":"https:\/\/www.balottaglobal.com.tr\/tr\/wp-json\/wp\/v2\/product_cat?post=1802"},{"taxonomy":"product_tag","embeddable":true,"href":"https:\/\/www.balottaglobal.com.tr\/tr\/wp-json\/wp\/v2\/product_tag?post=1802"}],"curies":[{"name":"wp","href":"https:\/\/api.w.org\/{rel}","templated":true}]}}