{"id":1803,"date":"2018-09-30T01:22:51","date_gmt":"2018-09-29T22:22:51","guid":{"rendered":"http:\/\/balottaglobal.com.tr\/en\/?post_type=product&#038;p=1803"},"modified":"2018-09-30T01:22:51","modified_gmt":"2018-09-29T22:22:51","slug":"yerden-isitma-parcalari-esit-kose-rakor","status":"publish","type":"product","link":"https:\/\/www.balottaglobal.com.tr\/tr\/urun\/yerden-isitma-parcalari-esit-kose-rakor\/","title":{"rendered":"Yerden Is\u0131tma Par\u00e7alar\u0131  E\u015fit K\u00f6\u015fe Rakor"},"content":{"rendered":"","protected":false},"excerpt":{"rendered":"","protected":false},"featured_media":1808,"template":"","meta":{"_joinchat":[]},"product_cat":[49],"product_tag":[],"class_list":["post-1803","product","type-product","status-publish","has-post-thumbnail","hentry","product_cat-baglanti-parcalari"],"_links":{"self":[{"href":"https:\/\/www.balottaglobal.com.tr\/tr\/wp-json\/wp\/v2\/product\/1803","targetHints":{"allow":["GET"]}}],"collection":[{"href":"https:\/\/www.balottaglobal.com.tr\/tr\/wp-json\/wp\/v2\/product"}],"about":[{"href":"https:\/\/www.balottaglobal.com.tr\/tr\/wp-json\/wp\/v2\/types\/product"}],"wp:featuredmedia":[{"embeddable":true,"href":"https:\/\/www.balottaglobal.com.tr\/tr\/wp-json\/wp\/v2\/media\/1808"}],"wp:attachment":[{"href":"https:\/\/www.balottaglobal.com.tr\/tr\/wp-json\/wp\/v2\/media?parent=1803"}],"wp:term":[{"taxonomy":"product_cat","embeddable":true,"href":"https:\/\/www.balottaglobal.com.tr\/tr\/wp-json\/wp\/v2\/product_cat?post=1803"},{"taxonomy":"product_tag","embeddable":true,"href":"https:\/\/www.balottaglobal.com.tr\/tr\/wp-json\/wp\/v2\/product_tag?post=1803"}],"curies":[{"name":"wp","href":"https:\/\/api.w.org\/{rel}","templated":true}]}}