{"id":1940,"date":"2018-10-01T01:26:29","date_gmt":"2018-09-30T22:26:29","guid":{"rendered":"http:\/\/balottaglobal.com.tr\/en\/?post_type=product&#038;p=1940"},"modified":"2018-10-01T01:26:29","modified_gmt":"2018-09-30T22:26:29","slug":"camasir-muslugu","status":"publish","type":"product","link":"https:\/\/www.balottaglobal.com.tr\/tr\/urun\/camasir-muslugu\/","title":{"rendered":"\u00c7ama\u015f\u0131r Muslu\u011fu"},"content":{"rendered":"","protected":false},"excerpt":{"rendered":"","protected":false},"featured_media":1945,"template":"","meta":{"_joinchat":[]},"product_cat":[50],"product_tag":[],"class_list":["post-1940","product","type-product","status-publish","has-post-thumbnail","hentry","product_cat-musluk-grubu"],"_links":{"self":[{"href":"https:\/\/www.balottaglobal.com.tr\/tr\/wp-json\/wp\/v2\/product\/1940","targetHints":{"allow":["GET"]}}],"collection":[{"href":"https:\/\/www.balottaglobal.com.tr\/tr\/wp-json\/wp\/v2\/product"}],"about":[{"href":"https:\/\/www.balottaglobal.com.tr\/tr\/wp-json\/wp\/v2\/types\/product"}],"wp:featuredmedia":[{"embeddable":true,"href":"https:\/\/www.balottaglobal.com.tr\/tr\/wp-json\/wp\/v2\/media\/1945"}],"wp:attachment":[{"href":"https:\/\/www.balottaglobal.com.tr\/tr\/wp-json\/wp\/v2\/media?parent=1940"}],"wp:term":[{"taxonomy":"product_cat","embeddable":true,"href":"https:\/\/www.balottaglobal.com.tr\/tr\/wp-json\/wp\/v2\/product_cat?post=1940"},{"taxonomy":"product_tag","embeddable":true,"href":"https:\/\/www.balottaglobal.com.tr\/tr\/wp-json\/wp\/v2\/product_tag?post=1940"}],"curies":[{"name":"wp","href":"https:\/\/api.w.org\/{rel}","templated":true}]}}