{"id":1970,"date":"2018-10-01T01:34:40","date_gmt":"2018-09-30T22:34:40","guid":{"rendered":"http:\/\/balottaglobal.com.tr\/en\/?post_type=product&#038;p=1970"},"modified":"2018-10-01T01:34:40","modified_gmt":"2018-09-30T22:34:40","slug":"ciftli-boru-gizleme-kilifi","status":"publish","type":"product","link":"https:\/\/www.balottaglobal.com.tr\/tr\/urun\/ciftli-boru-gizleme-kilifi\/","title":{"rendered":"\u00c7iftli Boru Gizleme K\u0131l\u0131f\u0131"},"content":{"rendered":"","protected":false},"excerpt":{"rendered":"","protected":false},"featured_media":1971,"template":"","meta":{"_joinchat":[]},"product_cat":[46],"product_tag":[],"class_list":["post-1970","product","type-product","status-publish","has-post-thumbnail","hentry","product_cat-pprc-boru-ve-ek-parcalari"],"_links":{"self":[{"href":"https:\/\/www.balottaglobal.com.tr\/tr\/wp-json\/wp\/v2\/product\/1970","targetHints":{"allow":["GET"]}}],"collection":[{"href":"https:\/\/www.balottaglobal.com.tr\/tr\/wp-json\/wp\/v2\/product"}],"about":[{"href":"https:\/\/www.balottaglobal.com.tr\/tr\/wp-json\/wp\/v2\/types\/product"}],"wp:featuredmedia":[{"embeddable":true,"href":"https:\/\/www.balottaglobal.com.tr\/tr\/wp-json\/wp\/v2\/media\/1971"}],"wp:attachment":[{"href":"https:\/\/www.balottaglobal.com.tr\/tr\/wp-json\/wp\/v2\/media?parent=1970"}],"wp:term":[{"taxonomy":"product_cat","embeddable":true,"href":"https:\/\/www.balottaglobal.com.tr\/tr\/wp-json\/wp\/v2\/product_cat?post=1970"},{"taxonomy":"product_tag","embeddable":true,"href":"https:\/\/www.balottaglobal.com.tr\/tr\/wp-json\/wp\/v2\/product_tag?post=1970"}],"curies":[{"name":"wp","href":"https:\/\/api.w.org\/{rel}","templated":true}]}}