{"id":1973,"date":"2018-10-01T01:37:39","date_gmt":"2018-09-30T22:37:39","guid":{"rendered":"http:\/\/balottaglobal.com.tr\/en\/?post_type=product&#038;p=1973"},"modified":"2018-10-01T01:37:40","modified_gmt":"2018-09-30T22:37:40","slug":"kose-donucu","status":"publish","type":"product","link":"https:\/\/www.balottaglobal.com.tr\/tr\/urun\/kose-donucu\/","title":{"rendered":"K\u00f6\u015fe D\u00f6n\u00fcc\u00fc"},"content":{"rendered":"","protected":false},"excerpt":{"rendered":"","protected":false},"featured_media":1977,"template":"","meta":{"_joinchat":[]},"product_cat":[46],"product_tag":[],"class_list":["post-1973","product","type-product","status-publish","has-post-thumbnail","hentry","product_cat-pprc-boru-ve-ek-parcalari"],"_links":{"self":[{"href":"https:\/\/www.balottaglobal.com.tr\/tr\/wp-json\/wp\/v2\/product\/1973","targetHints":{"allow":["GET"]}}],"collection":[{"href":"https:\/\/www.balottaglobal.com.tr\/tr\/wp-json\/wp\/v2\/product"}],"about":[{"href":"https:\/\/www.balottaglobal.com.tr\/tr\/wp-json\/wp\/v2\/types\/product"}],"wp:featuredmedia":[{"embeddable":true,"href":"https:\/\/www.balottaglobal.com.tr\/tr\/wp-json\/wp\/v2\/media\/1977"}],"wp:attachment":[{"href":"https:\/\/www.balottaglobal.com.tr\/tr\/wp-json\/wp\/v2\/media?parent=1973"}],"wp:term":[{"taxonomy":"product_cat","embeddable":true,"href":"https:\/\/www.balottaglobal.com.tr\/tr\/wp-json\/wp\/v2\/product_cat?post=1973"},{"taxonomy":"product_tag","embeddable":true,"href":"https:\/\/www.balottaglobal.com.tr\/tr\/wp-json\/wp\/v2\/product_tag?post=1973"}],"curies":[{"name":"wp","href":"https:\/\/api.w.org\/{rel}","templated":true}]}}