{"id":2019,"date":"2018-10-01T01:51:41","date_gmt":"2018-09-30T22:51:41","guid":{"rendered":"http:\/\/balottaglobal.com.tr\/en\/?post_type=product&#038;p=2019"},"modified":"2018-10-01T01:51:41","modified_gmt":"2018-09-30T22:51:41","slug":"pp-r-nipel-dis-disli","status":"publish","type":"product","link":"https:\/\/www.balottaglobal.com.tr\/tr\/urun\/pp-r-nipel-dis-disli\/","title":{"rendered":"PP-R Nipel  D\u0131\u015f Di\u015fli"},"content":{"rendered":"","protected":false},"excerpt":{"rendered":"","protected":false},"featured_media":2021,"template":"","meta":{"_joinchat":[]},"product_cat":[46],"product_tag":[],"class_list":["post-2019","product","type-product","status-publish","has-post-thumbnail","hentry","product_cat-pprc-boru-ve-ek-parcalari"],"_links":{"self":[{"href":"https:\/\/www.balottaglobal.com.tr\/tr\/wp-json\/wp\/v2\/product\/2019","targetHints":{"allow":["GET"]}}],"collection":[{"href":"https:\/\/www.balottaglobal.com.tr\/tr\/wp-json\/wp\/v2\/product"}],"about":[{"href":"https:\/\/www.balottaglobal.com.tr\/tr\/wp-json\/wp\/v2\/types\/product"}],"wp:featuredmedia":[{"embeddable":true,"href":"https:\/\/www.balottaglobal.com.tr\/tr\/wp-json\/wp\/v2\/media\/2021"}],"wp:attachment":[{"href":"https:\/\/www.balottaglobal.com.tr\/tr\/wp-json\/wp\/v2\/media?parent=2019"}],"wp:term":[{"taxonomy":"product_cat","embeddable":true,"href":"https:\/\/www.balottaglobal.com.tr\/tr\/wp-json\/wp\/v2\/product_cat?post=2019"},{"taxonomy":"product_tag","embeddable":true,"href":"https:\/\/www.balottaglobal.com.tr\/tr\/wp-json\/wp\/v2\/product_tag?post=2019"}],"curies":[{"name":"wp","href":"https:\/\/api.w.org\/{rel}","templated":true}]}}