{"id":2112,"date":"2018-10-06T00:35:35","date_gmt":"2018-10-05T21:35:35","guid":{"rendered":"http:\/\/balottaglobal.com.tr\/en\/?post_type=product&#038;p=2112"},"modified":"2018-10-06T00:35:35","modified_gmt":"2018-10-05T21:35:35","slug":"34-su-baglanti-flexibogmali-rakor-rakor-grup-13","status":"publish","type":"product","link":"https:\/\/www.balottaglobal.com.tr\/tr\/urun\/34-su-baglanti-flexibogmali-rakor-rakor-grup-13\/","title":{"rendered":"34 Su Ba\u011flant\u0131 FlexiBo\u011fmal\u0131 (Rakor-Rakor) Grup-13"},"content":{"rendered":"","protected":false},"excerpt":{"rendered":"","protected":false},"featured_media":2113,"template":"","meta":{"_joinchat":[]},"product_cat":[56],"product_tag":[],"class_list":["post-2112","product","type-product","status-publish","has-post-thumbnail","hentry","product_cat-paslanmaz-flex-grubu"],"_links":{"self":[{"href":"https:\/\/www.balottaglobal.com.tr\/tr\/wp-json\/wp\/v2\/product\/2112","targetHints":{"allow":["GET"]}}],"collection":[{"href":"https:\/\/www.balottaglobal.com.tr\/tr\/wp-json\/wp\/v2\/product"}],"about":[{"href":"https:\/\/www.balottaglobal.com.tr\/tr\/wp-json\/wp\/v2\/types\/product"}],"wp:featuredmedia":[{"embeddable":true,"href":"https:\/\/www.balottaglobal.com.tr\/tr\/wp-json\/wp\/v2\/media\/2113"}],"wp:attachment":[{"href":"https:\/\/www.balottaglobal.com.tr\/tr\/wp-json\/wp\/v2\/media?parent=2112"}],"wp:term":[{"taxonomy":"product_cat","embeddable":true,"href":"https:\/\/www.balottaglobal.com.tr\/tr\/wp-json\/wp\/v2\/product_cat?post=2112"},{"taxonomy":"product_tag","embeddable":true,"href":"https:\/\/www.balottaglobal.com.tr\/tr\/wp-json\/wp\/v2\/product_tag?post=2112"}],"curies":[{"name":"wp","href":"https:\/\/api.w.org\/{rel}","templated":true}]}}