{"id":2114,"date":"2018-10-06T00:36:16","date_gmt":"2018-10-05T21:36:16","guid":{"rendered":"http:\/\/balottaglobal.com.tr\/en\/?post_type=product&#038;p=2114"},"modified":"2018-10-06T00:36:16","modified_gmt":"2018-10-05T21:36:16","slug":"38-su-baglanti-flexibogmali-rakor-rakor-grup-15","status":"publish","type":"product","link":"https:\/\/www.balottaglobal.com.tr\/tr\/urun\/38-su-baglanti-flexibogmali-rakor-rakor-grup-15\/","title":{"rendered":"38 Su Ba\u011flant\u0131 FlexiBo\u011fmal\u0131 (Rakor-Rakor) Grup-15"},"content":{"rendered":"","protected":false},"excerpt":{"rendered":"","protected":false},"featured_media":2115,"template":"","meta":{"_joinchat":[]},"product_cat":[56],"product_tag":[],"class_list":["post-2114","product","type-product","status-publish","has-post-thumbnail","hentry","product_cat-paslanmaz-flex-grubu"],"_links":{"self":[{"href":"https:\/\/www.balottaglobal.com.tr\/tr\/wp-json\/wp\/v2\/product\/2114","targetHints":{"allow":["GET"]}}],"collection":[{"href":"https:\/\/www.balottaglobal.com.tr\/tr\/wp-json\/wp\/v2\/product"}],"about":[{"href":"https:\/\/www.balottaglobal.com.tr\/tr\/wp-json\/wp\/v2\/types\/product"}],"wp:featuredmedia":[{"embeddable":true,"href":"https:\/\/www.balottaglobal.com.tr\/tr\/wp-json\/wp\/v2\/media\/2115"}],"wp:attachment":[{"href":"https:\/\/www.balottaglobal.com.tr\/tr\/wp-json\/wp\/v2\/media?parent=2114"}],"wp:term":[{"taxonomy":"product_cat","embeddable":true,"href":"https:\/\/www.balottaglobal.com.tr\/tr\/wp-json\/wp\/v2\/product_cat?post=2114"},{"taxonomy":"product_tag","embeddable":true,"href":"https:\/\/www.balottaglobal.com.tr\/tr\/wp-json\/wp\/v2\/product_tag?post=2114"}],"curies":[{"name":"wp","href":"https:\/\/api.w.org\/{rel}","templated":true}]}}