{"id":2828,"date":"2019-11-22T00:24:08","date_gmt":"2019-11-21T21:24:08","guid":{"rendered":"https:\/\/www.balottaglobal.com.tr\/?post_type=product&#038;p=2828"},"modified":"2019-11-22T00:24:42","modified_gmt":"2019-11-21T21:24:42","slug":"monalisa","status":"publish","type":"product","link":"https:\/\/www.balottaglobal.com.tr\/tr\/urun\/monalisa\/","title":{"rendered":"MONALISA"},"content":{"rendered":"","protected":false},"excerpt":{"rendered":"<p><span style=\"color: #ff0000;\">NOT<\/span> :\u00a0Sauna Sistemlerin Kabinlerinde Sadece \u0130nox Profil Kullan\u0131lmaktad\u0131r.<br \/>\nSiyah Renk Se\u00e7ene\u011fi T\u00fcm Sauna Modellerinde Uygulanmaktad\u0131r. Tekne ve Tavan Beyaz\u00a0<span style=\"color: #ff0000;\">%5<\/span>. Full Siyah Modellerde\u00a0<span style=\"color: #ff0000;\">%10<\/span>\u00a0Fiyat Fark\u0131 Uygulanmaktad\u0131r.<\/p>\n","protected":false},"featured_media":2829,"template":"","meta":{"_joinchat":[]},"product_cat":[38],"product_tag":[],"class_list":["post-2828","product","type-product","status-publish","has-post-thumbnail","hentry","product_cat-dusa-kabin"],"_links":{"self":[{"href":"https:\/\/www.balottaglobal.com.tr\/tr\/wp-json\/wp\/v2\/product\/2828","targetHints":{"allow":["GET"]}}],"collection":[{"href":"https:\/\/www.balottaglobal.com.tr\/tr\/wp-json\/wp\/v2\/product"}],"about":[{"href":"https:\/\/www.balottaglobal.com.tr\/tr\/wp-json\/wp\/v2\/types\/product"}],"wp:featuredmedia":[{"embeddable":true,"href":"https:\/\/www.balottaglobal.com.tr\/tr\/wp-json\/wp\/v2\/media\/2829"}],"wp:attachment":[{"href":"https:\/\/www.balottaglobal.com.tr\/tr\/wp-json\/wp\/v2\/media?parent=2828"}],"wp:term":[{"taxonomy":"product_cat","embeddable":true,"href":"https:\/\/www.balottaglobal.com.tr\/tr\/wp-json\/wp\/v2\/product_cat?post=2828"},{"taxonomy":"product_tag","embeddable":true,"href":"https:\/\/www.balottaglobal.com.tr\/tr\/wp-json\/wp\/v2\/product_tag?post=2828"}],"curies":[{"name":"wp","href":"https:\/\/api.w.org\/{rel}","templated":true}]}}