{"id":3459,"date":"2019-12-14T17:53:04","date_gmt":"2019-12-14T14:53:04","guid":{"rendered":"https:\/\/www.balottaglobal.com.tr\/?post_type=product&#038;p=3459"},"modified":"2019-12-14T17:53:04","modified_gmt":"2019-12-14T14:53:04","slug":"hurrem-gumus-80","status":"publish","type":"product","link":"https:\/\/www.balottaglobal.com.tr\/tr\/urun\/hurrem-gumus-80\/","title":{"rendered":"H\u00dcRREM G\u00dcM\u00dc\u015e 80"},"content":{"rendered":"","protected":false},"excerpt":{"rendered":"","protected":false},"featured_media":3456,"template":"","meta":{"_joinchat":[]},"product_cat":[37],"product_tag":[],"class_list":["post-3459","product","type-product","status-publish","has-post-thumbnail","hentry","product_cat-banyo-dolabi"],"_links":{"self":[{"href":"https:\/\/www.balottaglobal.com.tr\/tr\/wp-json\/wp\/v2\/product\/3459","targetHints":{"allow":["GET"]}}],"collection":[{"href":"https:\/\/www.balottaglobal.com.tr\/tr\/wp-json\/wp\/v2\/product"}],"about":[{"href":"https:\/\/www.balottaglobal.com.tr\/tr\/wp-json\/wp\/v2\/types\/product"}],"wp:featuredmedia":[{"embeddable":true,"href":"https:\/\/www.balottaglobal.com.tr\/tr\/wp-json\/wp\/v2\/media\/3456"}],"wp:attachment":[{"href":"https:\/\/www.balottaglobal.com.tr\/tr\/wp-json\/wp\/v2\/media?parent=3459"}],"wp:term":[{"taxonomy":"product_cat","embeddable":true,"href":"https:\/\/www.balottaglobal.com.tr\/tr\/wp-json\/wp\/v2\/product_cat?post=3459"},{"taxonomy":"product_tag","embeddable":true,"href":"https:\/\/www.balottaglobal.com.tr\/tr\/wp-json\/wp\/v2\/product_tag?post=3459"}],"curies":[{"name":"wp","href":"https:\/\/api.w.org\/{rel}","templated":true}]}}