{"id":3461,"date":"2019-12-14T17:53:38","date_gmt":"2019-12-14T14:53:38","guid":{"rendered":"https:\/\/www.balottaglobal.com.tr\/?post_type=product&#038;p=3461"},"modified":"2019-12-14T17:53:38","modified_gmt":"2019-12-14T14:53:38","slug":"hurrem-gumus-100","status":"publish","type":"product","link":"https:\/\/www.balottaglobal.com.tr\/tr\/urun\/hurrem-gumus-100\/","title":{"rendered":"H\u00dcRREM G\u00dcM\u00dc\u015e 100"},"content":{"rendered":"","protected":false},"excerpt":{"rendered":"","protected":false},"featured_media":3457,"template":"","meta":{"_joinchat":[]},"product_cat":[37],"product_tag":[],"class_list":["post-3461","product","type-product","status-publish","has-post-thumbnail","hentry","product_cat-banyo-dolabi"],"_links":{"self":[{"href":"https:\/\/www.balottaglobal.com.tr\/tr\/wp-json\/wp\/v2\/product\/3461","targetHints":{"allow":["GET"]}}],"collection":[{"href":"https:\/\/www.balottaglobal.com.tr\/tr\/wp-json\/wp\/v2\/product"}],"about":[{"href":"https:\/\/www.balottaglobal.com.tr\/tr\/wp-json\/wp\/v2\/types\/product"}],"wp:featuredmedia":[{"embeddable":true,"href":"https:\/\/www.balottaglobal.com.tr\/tr\/wp-json\/wp\/v2\/media\/3457"}],"wp:attachment":[{"href":"https:\/\/www.balottaglobal.com.tr\/tr\/wp-json\/wp\/v2\/media?parent=3461"}],"wp:term":[{"taxonomy":"product_cat","embeddable":true,"href":"https:\/\/www.balottaglobal.com.tr\/tr\/wp-json\/wp\/v2\/product_cat?post=3461"},{"taxonomy":"product_tag","embeddable":true,"href":"https:\/\/www.balottaglobal.com.tr\/tr\/wp-json\/wp\/v2\/product_tag?post=3461"}],"curies":[{"name":"wp","href":"https:\/\/api.w.org\/{rel}","templated":true}]}}